{"id":122,"date":"2022-01-26T15:24:55","date_gmt":"2022-01-26T15:24:55","guid":{"rendered":"https:\/\/munisanfelipe.gob.gt\/?page_id=122"},"modified":"2022-01-26T15:50:29","modified_gmt":"2022-01-26T15:50:29","slug":"tu-muni","status":"publish","type":"page","link":"https:\/\/munisanfelipe.gob.gt\/index.php\/tu-muni\/","title":{"rendered":"Tu Muni"},"content":{"rendered":"\n<h2 class=\"wp-block-heading\" id=\"organigrama-municipal\">ORGANIGRAMA MUNICIPAL<\/h2>\n\n\n\n<figure class=\"wp-block-image size-large is-resized\"><img loading=\"lazy\" decoding=\"async\" src=\"https:\/\/munisanfelipe.gob.gt\/wp-content\/uploads\/2022\/01\/organigrama-municipal-1024x666.png\" alt=\"Organigrama\" class=\"wp-image-132\" width=\"566\" height=\"368\" srcset=\"https:\/\/munisanfelipe.gob.gt\/wp-content\/uploads\/2022\/01\/organigrama-municipal-1024x666.png 1024w, https:\/\/munisanfelipe.gob.gt\/wp-content\/uploads\/2022\/01\/organigrama-municipal-300x195.png 300w, https:\/\/munisanfelipe.gob.gt\/wp-content\/uploads\/2022\/01\/organigrama-municipal-768x499.png 768w, https:\/\/munisanfelipe.gob.gt\/wp-content\/uploads\/2022\/01\/organigrama-municipal-421x274.png 421w, https:\/\/munisanfelipe.gob.gt\/wp-content\/uploads\/2022\/01\/organigrama-municipal.png 1064w\" sizes=\"auto, (max-width: 566px) 100vw, 566px\" \/><\/figure>\n\n\n\n<h2 class=\"wp-block-heading\" id=\"mision\">Misi\u00f3n<\/h2>\n\n\n\n<p>La Municipalidad como gobierno local, hace uso de su atonom\u00eda al administrar los recursos de forma eficiente y eficaz, por lo que es responsable de brindar servicios p\u00fablicos de calidad, generar la participaci\u00f3n ciudadana y contribuir a un desarrollo integral, social, econ\u00f3mico y ambiental, para satisfacer las necesidades actuales y futuras de la ciudadania del municipio.<\/p>\n\n\n\n<h2 class=\"wp-block-heading\" id=\"vision\">Visi\u00f3n<\/h2>\n\n\n\n<p>Ser una Municipalidad que garantice la transparencia, responsabilidad, eficiencia, calidad en su gestion y compromiso a los intereses y necesidades de la ciudadania del municipio, brind\u00e1ndoles servicios que se encaminen a un desarrollo sostenible, humano y ambiental.<\/p>\n","protected":false},"excerpt":{"rendered":"<p>ORGANIGRAMA MUNICIPAL Misi\u00f3n La Municipalidad como gobierno local, hace uso de su atonom\u00eda al administrar los recursos de forma eficiente y eficaz, por lo que &hellip;<\/p>\n","protected":false},"author":1,"featured_media":0,"parent":0,"menu_order":0,"comment_status":"closed","ping_status":"closed","template":"","meta":{"footnotes":""},"class_list":["post-122","page","type-page","status-publish","hentry"],"_links":{"self":[{"href":"https:\/\/munisanfelipe.gob.gt\/index.php\/wp-json\/wp\/v2\/pages\/122","targetHints":{"allow":["GET"]}}],"collection":[{"href":"https:\/\/munisanfelipe.gob.gt\/index.php\/wp-json\/wp\/v2\/pages"}],"about":[{"href":"https:\/\/munisanfelipe.gob.gt\/index.php\/wp-json\/wp\/v2\/types\/page"}],"author":[{"embeddable":true,"href":"https:\/\/munisanfelipe.gob.gt\/index.php\/wp-json\/wp\/v2\/users\/1"}],"replies":[{"embeddable":true,"href":"https:\/\/munisanfelipe.gob.gt\/index.php\/wp-json\/wp\/v2\/comments?post=122"}],"version-history":[{"count":5,"href":"https:\/\/munisanfelipe.gob.gt\/index.php\/wp-json\/wp\/v2\/pages\/122\/revisions"}],"predecessor-version":[{"id":136,"href":"https:\/\/munisanfelipe.gob.gt\/index.php\/wp-json\/wp\/v2\/pages\/122\/revisions\/136"}],"wp:attachment":[{"href":"https:\/\/munisanfelipe.gob.gt\/index.php\/wp-json\/wp\/v2\/media?parent=122"}],"curies":[{"name":"wp","href":"https:\/\/api.w.org\/{rel}","templated":true}]}}