{"id":154,"date":"2022-05-06T15:24:23","date_gmt":"2022-05-06T15:24:23","guid":{"rendered":"https:\/\/munisanfelipe.gob.gt\/?page_id=154"},"modified":"2022-09-07T17:01:20","modified_gmt":"2022-09-07T17:01:20","slug":"sinacig","status":"publish","type":"page","link":"https:\/\/munisanfelipe.gob.gt\/index.php\/sinacig\/","title":{"rendered":"SINACIG"},"content":{"rendered":"\n<p class=\"has-text-align-left has-larger-font-size\"><strong>SINACIG<\/strong><\/p>\n\n\n\n<p>Es el conjunto de objetivos, responsabilidades, componentes y normas de control interno para obtener seguridad en el cumplimiento de los objetivos fundamentales, con el prop\u00f3sito de conocer el entorno de control, evaluaci\u00f3n de riesgos y actividades de control, que permitan generar informaci\u00f3n y comunicaci\u00f3n de los resultados obtenidos, utilizado procesos de supervisi\u00f3n.<\/p>\n\n\n\n<div class=\"wp-block-file\"><a id=\"wp-block-file--media-0601d737-7ede-476a-9034-24bbbb032b09\" href=\"https:\/\/munisanfelipe.gob.gt\/wp-content\/uploads\/2022\/09\/INFORME-DE-CONTROLO-INTERNO-1.pdf\" target=\"_blank\" rel=\"noreferrer noopener\">Informe de Control Interno<\/a><a href=\"https:\/\/munisanfelipe.gob.gt\/wp-content\/uploads\/2022\/09\/INFORME-DE-CONTROLO-INTERNO-1.pdf\" class=\"wp-block-file__button\" download aria-describedby=\"wp-block-file--media-0601d737-7ede-476a-9034-24bbbb032b09\">Descarga<\/a><\/div>\n\n\n\n<div class=\"wp-block-file\"><a id=\"wp-block-file--media-2db64901-8e0f-4a85-9beb-fba241a4c00f\" href=\"https:\/\/munisanfelipe.gob.gt\/wp-content\/uploads\/2022\/09\/MAPA-DE-RIESGOS.pdf\" target=\"_blank\" rel=\"noreferrer noopener\">Mapa de Riesgos<\/a><a href=\"https:\/\/munisanfelipe.gob.gt\/wp-content\/uploads\/2022\/09\/MAPA-DE-RIESGOS.pdf\" class=\"wp-block-file__button\" download aria-describedby=\"wp-block-file--media-2db64901-8e0f-4a85-9beb-fba241a4c00f\">Descarga<\/a><\/div>\n\n\n\n<div class=\"wp-block-file\"><a id=\"wp-block-file--media-27ff5e5e-a38d-437c-8a5d-21505099eaa2\" href=\"https:\/\/munisanfelipe.gob.gt\/wp-content\/uploads\/2022\/09\/MATRIZ-DE-RIESGOS.pdf\">Matriz de Riesgos<\/a><a href=\"https:\/\/munisanfelipe.gob.gt\/wp-content\/uploads\/2022\/09\/MATRIZ-DE-RIESGOS.pdf\" class=\"wp-block-file__button\" download aria-describedby=\"wp-block-file--media-27ff5e5e-a38d-437c-8a5d-21505099eaa2\">Descarga<\/a><\/div>\n\n\n\n<div class=\"wp-block-file\"><a id=\"wp-block-file--media-e317232a-25ac-4809-95ff-6fe9058965f3\" href=\"https:\/\/munisanfelipe.gob.gt\/wp-content\/uploads\/2022\/09\/PLAN-DE-EVALUACION-DE-RIESGOS.pdf\" target=\"_blank\" rel=\"noreferrer noopener\">Plan de Evaluaci\u00f3n de Riesgos<\/a><a href=\"https:\/\/munisanfelipe.gob.gt\/wp-content\/uploads\/2022\/09\/PLAN-DE-EVALUACION-DE-RIESGOS.pdf\" class=\"wp-block-file__button\" download aria-describedby=\"wp-block-file--media-e317232a-25ac-4809-95ff-6fe9058965f3\">Descarga<\/a><\/div>\n\n\n\n<div class=\"wp-block-group\"><div class=\"wp-block-group__inner-container is-layout-flow wp-block-group-is-layout-flow\">\n<div class=\"wp-block-file\"><a id=\"wp-block-file--media-f2e754c2-0898-48be-8628-752dfdb087a0\" href=\"https:\/\/munisanfelipe.gob.gt\/wp-content\/uploads\/2022\/09\/2e53c2f6-9b3a-4bc1-9ece-0dbb31e2a44f.jpg\">Acuerdo Municipal<\/a><a href=\"https:\/\/munisanfelipe.gob.gt\/wp-content\/uploads\/2022\/09\/2e53c2f6-9b3a-4bc1-9ece-0dbb31e2a44f.jpg\" class=\"wp-block-file__button\" download aria-describedby=\"wp-block-file--media-f2e754c2-0898-48be-8628-752dfdb087a0\">Descarga<\/a><\/div>\n<\/div><\/div>\n\n\n\n<div class=\"wp-block-file\"><a id=\"wp-block-file--media-6b0169d3-c118-4fb1-8c11-385fe86690b1\" href=\"https:\/\/munisanfelipe.gob.gt\/wp-content\/uploads\/2022\/09\/44461e79-e964-4bb2-aef8-d74a08df91c0.jpg\">Acuerdo Municipal<\/a><a href=\"https:\/\/munisanfelipe.gob.gt\/wp-content\/uploads\/2022\/09\/44461e79-e964-4bb2-aef8-d74a08df91c0.jpg\" class=\"wp-block-file__button\" download aria-describedby=\"wp-block-file--media-6b0169d3-c118-4fb1-8c11-385fe86690b1\">Descarga<\/a><\/div>\n\n\n\n<div class=\"wp-block-file\"><a id=\"wp-block-file--media-472c81d0-a841-45ad-9ca8-2457614ac4ba\" href=\"https:\/\/munisanfelipe.gob.gt\/wp-content\/uploads\/2022\/09\/3c459b16-86ab-4f6b-9f6a-57ad30e0e477.jpg\">Acuerdo Municipal<\/a><a href=\"https:\/\/munisanfelipe.gob.gt\/wp-content\/uploads\/2022\/09\/3c459b16-86ab-4f6b-9f6a-57ad30e0e477.jpg\" class=\"wp-block-file__button\" download aria-describedby=\"wp-block-file--media-472c81d0-a841-45ad-9ca8-2457614ac4ba\">Descarga<\/a><\/div>\n\n\n\n<div class=\"wp-block-file\"><a id=\"wp-block-file--media-49831d17-42b7-449c-aed8-9c3244435afd\" href=\"https:\/\/munisanfelipe.gob.gt\/wp-content\/uploads\/2022\/09\/c834e6d5-26b8-4ae9-bc9d-b6f0a5bb225b.jpg\">Acuerdo Municipal<\/a><a href=\"https:\/\/munisanfelipe.gob.gt\/wp-content\/uploads\/2022\/09\/c834e6d5-26b8-4ae9-bc9d-b6f0a5bb225b.jpg\" class=\"wp-block-file__button\" download aria-describedby=\"wp-block-file--media-49831d17-42b7-449c-aed8-9c3244435afd\">Descarga<\/a><\/div>\n","protected":false},"excerpt":{"rendered":"<p>SINACIG Es el conjunto de objetivos, responsabilidades, componentes y normas de control interno para obtener seguridad en el cumplimiento de los objetivos fundamentales, con el &hellip;<\/p>\n","protected":false},"author":1,"featured_media":0,"parent":0,"menu_order":0,"comment_status":"closed","ping_status":"closed","template":"","meta":{"footnotes":""},"class_list":["post-154","page","type-page","status-publish","hentry"],"_links":{"self":[{"href":"https:\/\/munisanfelipe.gob.gt\/index.php\/wp-json\/wp\/v2\/pages\/154","targetHints":{"allow":["GET"]}}],"collection":[{"href":"https:\/\/munisanfelipe.gob.gt\/index.php\/wp-json\/wp\/v2\/pages"}],"about":[{"href":"https:\/\/munisanfelipe.gob.gt\/index.php\/wp-json\/wp\/v2\/types\/page"}],"author":[{"embeddable":true,"href":"https:\/\/munisanfelipe.gob.gt\/index.php\/wp-json\/wp\/v2\/users\/1"}],"replies":[{"embeddable":true,"href":"https:\/\/munisanfelipe.gob.gt\/index.php\/wp-json\/wp\/v2\/comments?post=154"}],"version-history":[{"count":12,"href":"https:\/\/munisanfelipe.gob.gt\/index.php\/wp-json\/wp\/v2\/pages\/154\/revisions"}],"predecessor-version":[{"id":428,"href":"https:\/\/munisanfelipe.gob.gt\/index.php\/wp-json\/wp\/v2\/pages\/154\/revisions\/428"}],"wp:attachment":[{"href":"https:\/\/munisanfelipe.gob.gt\/index.php\/wp-json\/wp\/v2\/media?parent=154"}],"curies":[{"name":"wp","href":"https:\/\/api.w.org\/{rel}","templated":true}]}}