{"id":2,"date":"2021-12-08T17:29:41","date_gmt":"2021-12-08T17:29:41","guid":{"rendered":"https:\/\/munisanfelipe.gob.gt\/?page_id=2"},"modified":"2025-11-04T18:20:36","modified_gmt":"2025-11-04T18:20:36","slug":"sample-page","status":"publish","type":"page","link":"https:\/\/munisanfelipe.gob.gt\/index.php\/sample-page\/","title":{"rendered":"Historia"},"content":{"rendered":"\n<h2 class=\"wp-block-heading\">Historia<\/h2>\n\n\n\n<p><strong>San Felipe<\/strong>&nbsp;es un municipio&nbsp;del departamento de Retalhuleu, localizado en la parte sur de la Republica de Guatemala. Est\u00e1 ubicado al norte del departamento de Retalhuleu y se le conoce como el pueblo Champel o Xampel y tambi\u00e9n como la \u00abtierra del&nbsp;<em>chicharr\u00f3n<\/em>&nbsp;y la&nbsp;<em>moronga<\/em>\u00bb. La fiesta titular se celebra del 22 al 25 de noviembre siendo este \u00faltimo el d\u00eda principal en honor a su santa patrona, Cataina de Alejandria.<\/p>\n\n\n\n<p>Este \u00a0Municipio form\u00f3 parte del se\u00f1or\u00edo de Zapotitl\u00e1n, sometido por el reino Quich\u00e9 \u00a0que antes de la conquista se llamaba Champel, en honor a los dos caciques que gobernaban en esa \u00e9poca, formado por la uni\u00f3n de los apellidos de los mismos, Cham y Pel. <br><br>Fue fundado el 22 de noviembre de 1579 por el capit\u00e1n Juan de Estrada, alcalde \u00a0mayor de la provincia de Zapotitl\u00e1n y Suchitep\u00e9quez y elabor\u00f3 un mapa que registra la ubicaci\u00f3n actual del pueblo de San Felipe, con indicaci\u00f3n que contaba con 60 tributarios. El nombre de San Felipe, se deriva de uno de los 12 ap\u00f3stoles que siguieron a Jes\u00fas, designados por los frailes franciscanos en el \u00a0a\u00f1o 1514.<\/p>\n\n\n\n<p>El municipio de San Felipe era parte del departamento de Suchitep\u00e9quez, fue &nbsp;hasta el a\u00f1o 1877 con el acuerdo No. 194 <a href=\"https:\/\/munisanfelipe.gob.gt\/wp-content\/uploads\/2025\/11\/acuerdo-de-creacion-muni-san-felipe-reu.pdf\" target=\"_blank\">Ver Acuerdo<\/a> , donde el presidente Justo Rufino Barrios crea el nuevo departamento de Retalhuleu dentro de sus municipios incluye el de San Felipe. Se ha caracterizado por su tendencia a la producci\u00f3n agr\u00edcola, principalmente caf\u00e9, ca\u00f1a de az\u00facar, hule y rambut\u00e1n. La primera migraci\u00f3n se realiz\u00f3 en el a\u00f1o de 1932 a consecuencia de la erupci\u00f3n del volc\u00e1n Santa Mar\u00eda y se estableci\u00f3 en lo que hoy es la aldea El Nuevo Palmar.<\/p>\n\n\n\n<h2 class=\"wp-block-heading\">Localizaci\u00f3n y extensi\u00f3n<\/h2>\n\n\n\n<p>El Municipio se encuentra ubicado en la parte sur occidental del pa\u00eds, con una extensi\u00f3n territorial de 43 km2, que representa el 2.32% del departamento de Retalhuleu, el cual cuenta con 1,856 km2, las coordenadas son de 910 35\u2019 25\u2019 latitud oeste, a 614.21 msnm (metros sobre el nivel del mar).<\/p>\n\n\n\n<p>Geogr\u00e1ficamente limita al norte con El Palmar municipio del departamento de<br>Quetzaltenango; al sur con San Mart\u00edn Zapotitl\u00e1n, San Andr\u00e9s Villa Seca, San Sebasti\u00e1n y Retalhuleu; al este con Nuevo San Carlos; al oeste con San Francisco Zapotitl\u00e1n y Pueblo Nuevo, todos municipios del departamento de Suchitep\u00e9quez.<\/p>\n","protected":false},"excerpt":{"rendered":"<p>Historia San Felipe&nbsp;es un municipio&nbsp;del departamento de Retalhuleu, localizado en la parte sur de la Republica de Guatemala. Est\u00e1 ubicado al norte del departamento de &hellip;<\/p>\n","protected":false},"author":1,"featured_media":0,"parent":0,"menu_order":0,"comment_status":"closed","ping_status":"open","template":"","meta":{"footnotes":""},"class_list":["post-2","page","type-page","status-publish","hentry"],"_links":{"self":[{"href":"https:\/\/munisanfelipe.gob.gt\/index.php\/wp-json\/wp\/v2\/pages\/2","targetHints":{"allow":["GET"]}}],"collection":[{"href":"https:\/\/munisanfelipe.gob.gt\/index.php\/wp-json\/wp\/v2\/pages"}],"about":[{"href":"https:\/\/munisanfelipe.gob.gt\/index.php\/wp-json\/wp\/v2\/types\/page"}],"author":[{"embeddable":true,"href":"https:\/\/munisanfelipe.gob.gt\/index.php\/wp-json\/wp\/v2\/users\/1"}],"replies":[{"embeddable":true,"href":"https:\/\/munisanfelipe.gob.gt\/index.php\/wp-json\/wp\/v2\/comments?post=2"}],"version-history":[{"count":12,"href":"https:\/\/munisanfelipe.gob.gt\/index.php\/wp-json\/wp\/v2\/pages\/2\/revisions"}],"predecessor-version":[{"id":427,"href":"https:\/\/munisanfelipe.gob.gt\/index.php\/wp-json\/wp\/v2\/pages\/2\/revisions\/427"}],"wp:attachment":[{"href":"https:\/\/munisanfelipe.gob.gt\/index.php\/wp-json\/wp\/v2\/media?parent=2"}],"curies":[{"name":"wp","href":"https:\/\/api.w.org\/{rel}","templated":true}]}}