{"id":223,"date":"2022-05-10T16:06:31","date_gmt":"2022-05-10T16:06:31","guid":{"rendered":"https:\/\/munisanfelipe.gob.gt\/?page_id=223"},"modified":"2022-05-10T16:10:56","modified_gmt":"2022-05-10T16:10:56","slug":"direccion-y-telefonos","status":"publish","type":"page","link":"https:\/\/munisanfelipe.gob.gt\/index.php\/direccion-y-telefonos\/","title":{"rendered":"DIRECCI\u00d3N Y TELEFONOS"},"content":{"rendered":"\n<h2 class=\"wp-block-heading\"><strong>DIRECCI\u00d3N Y TELEFONOS<\/strong><\/h2>\n\n\n\n<p>Direcci\u00f3n y tel\u00e9fonos de la Municipalidad de San Felipe, Retalhuleu y de todas las dependencias que la conforman.<\/p>\n\n\n\n<h1 class=\"wp-block-heading\">2022<\/h1>\n\n\n\n<p><\/p>\n","protected":false},"excerpt":{"rendered":"<p>DIRECCI\u00d3N Y TELEFONOS Direcci\u00f3n y tel\u00e9fonos de la Municipalidad de San Felipe, Retalhuleu y de todas las dependencias que la conforman. 2022<\/p>\n","protected":false},"author":1,"featured_media":0,"parent":0,"menu_order":0,"comment_status":"closed","ping_status":"closed","template":"","meta":{"footnotes":""},"class_list":["post-223","page","type-page","status-publish","hentry"],"_links":{"self":[{"href":"https:\/\/munisanfelipe.gob.gt\/index.php\/wp-json\/wp\/v2\/pages\/223","targetHints":{"allow":["GET"]}}],"collection":[{"href":"https:\/\/munisanfelipe.gob.gt\/index.php\/wp-json\/wp\/v2\/pages"}],"about":[{"href":"https:\/\/munisanfelipe.gob.gt\/index.php\/wp-json\/wp\/v2\/types\/page"}],"author":[{"embeddable":true,"href":"https:\/\/munisanfelipe.gob.gt\/index.php\/wp-json\/wp\/v2\/users\/1"}],"replies":[{"embeddable":true,"href":"https:\/\/munisanfelipe.gob.gt\/index.php\/wp-json\/wp\/v2\/comments?post=223"}],"version-history":[{"count":4,"href":"https:\/\/munisanfelipe.gob.gt\/index.php\/wp-json\/wp\/v2\/pages\/223\/revisions"}],"predecessor-version":[{"id":229,"href":"https:\/\/munisanfelipe.gob.gt\/index.php\/wp-json\/wp\/v2\/pages\/223\/revisions\/229"}],"wp:attachment":[{"href":"https:\/\/munisanfelipe.gob.gt\/index.php\/wp-json\/wp\/v2\/media?parent=223"}],"curies":[{"name":"wp","href":"https:\/\/api.w.org\/{rel}","templated":true}]}}