{"id":230,"date":"2022-05-10T16:12:49","date_gmt":"2022-05-10T16:12:49","guid":{"rendered":"https:\/\/munisanfelipe.gob.gt\/?page_id=230"},"modified":"2022-05-10T16:14:12","modified_gmt":"2022-05-10T16:14:12","slug":"directorio-de-empleados","status":"publish","type":"page","link":"https:\/\/munisanfelipe.gob.gt\/index.php\/directorio-de-empleados\/","title":{"rendered":"DIRECTORIO DE EMPLEADOS"},"content":{"rendered":"\n<h2 class=\"wp-block-heading\">DIRECTORIO DE EMPLEADOS<\/h2>\n\n\n\n<p>Directorio de empleados y servidores p\u00fablicos, incluyendo n\u00fameros de tel\u00e9fono y direcciones de correo electr\u00f3nico oficiales no privados; quedan exentos de esta obligaci\u00f3n los sujetos obligados cuando se ponga en riesgo el sistema nacional de seguridad, la investigaci\u00f3n criminal e inteligencia del Estado.<\/p>\n\n\n\n<h1 class=\"wp-block-heading\">2022<\/h1>\n\n\n\n<p><\/p>\n","protected":false},"excerpt":{"rendered":"<p>DIRECTORIO DE EMPLEADOS Directorio de empleados y servidores p\u00fablicos, incluyendo n\u00fameros de tel\u00e9fono y direcciones de correo electr\u00f3nico oficiales no privados; quedan exentos de esta &hellip;<\/p>\n","protected":false},"author":1,"featured_media":0,"parent":0,"menu_order":0,"comment_status":"closed","ping_status":"closed","template":"","meta":{"footnotes":""},"class_list":["post-230","page","type-page","status-publish","hentry"],"_links":{"self":[{"href":"https:\/\/munisanfelipe.gob.gt\/index.php\/wp-json\/wp\/v2\/pages\/230","targetHints":{"allow":["GET"]}}],"collection":[{"href":"https:\/\/munisanfelipe.gob.gt\/index.php\/wp-json\/wp\/v2\/pages"}],"about":[{"href":"https:\/\/munisanfelipe.gob.gt\/index.php\/wp-json\/wp\/v2\/types\/page"}],"author":[{"embeddable":true,"href":"https:\/\/munisanfelipe.gob.gt\/index.php\/wp-json\/wp\/v2\/users\/1"}],"replies":[{"embeddable":true,"href":"https:\/\/munisanfelipe.gob.gt\/index.php\/wp-json\/wp\/v2\/comments?post=230"}],"version-history":[{"count":3,"href":"https:\/\/munisanfelipe.gob.gt\/index.php\/wp-json\/wp\/v2\/pages\/230\/revisions"}],"predecessor-version":[{"id":235,"href":"https:\/\/munisanfelipe.gob.gt\/index.php\/wp-json\/wp\/v2\/pages\/230\/revisions\/235"}],"wp:attachment":[{"href":"https:\/\/munisanfelipe.gob.gt\/index.php\/wp-json\/wp\/v2\/media?parent=230"}],"curies":[{"name":"wp","href":"https:\/\/api.w.org\/{rel}","templated":true}]}}