{"id":255,"date":"2022-05-10T16:29:55","date_gmt":"2022-05-10T16:29:55","guid":{"rendered":"https:\/\/munisanfelipe.gob.gt\/?page_id=255"},"modified":"2022-05-10T16:29:56","modified_gmt":"2022-05-10T16:29:56","slug":"depositos","status":"publish","type":"page","link":"https:\/\/munisanfelipe.gob.gt\/index.php\/depositos\/","title":{"rendered":"DEP\u00d3SITOS"},"content":{"rendered":"\n<h2 class=\"wp-block-heading\">DEP\u00d3SITOS<\/h2>\n\n\n\n<p>La informaci\u00f3n detallada sobre los dep\u00f3sitos constituidos con fondos p\u00fablicos provenientes de ingresos ordinarios, extraordinarios, impuestos, fondos privativos, empr\u00e9stitos y donaciones.<\/p>\n\n\n\n<h1 class=\"wp-block-heading\">2022<\/h1>\n","protected":false},"excerpt":{"rendered":"<p>DEP\u00d3SITOS La informaci\u00f3n detallada sobre los dep\u00f3sitos constituidos con fondos p\u00fablicos provenientes de ingresos ordinarios, extraordinarios, impuestos, fondos privativos, empr\u00e9stitos y donaciones. 2022<\/p>\n","protected":false},"author":1,"featured_media":0,"parent":0,"menu_order":0,"comment_status":"closed","ping_status":"closed","template":"","meta":{"footnotes":""},"class_list":["post-255","page","type-page","status-publish","hentry"],"_links":{"self":[{"href":"https:\/\/munisanfelipe.gob.gt\/index.php\/wp-json\/wp\/v2\/pages\/255","targetHints":{"allow":["GET"]}}],"collection":[{"href":"https:\/\/munisanfelipe.gob.gt\/index.php\/wp-json\/wp\/v2\/pages"}],"about":[{"href":"https:\/\/munisanfelipe.gob.gt\/index.php\/wp-json\/wp\/v2\/types\/page"}],"author":[{"embeddable":true,"href":"https:\/\/munisanfelipe.gob.gt\/index.php\/wp-json\/wp\/v2\/users\/1"}],"replies":[{"embeddable":true,"href":"https:\/\/munisanfelipe.gob.gt\/index.php\/wp-json\/wp\/v2\/comments?post=255"}],"version-history":[{"count":1,"href":"https:\/\/munisanfelipe.gob.gt\/index.php\/wp-json\/wp\/v2\/pages\/255\/revisions"}],"predecessor-version":[{"id":257,"href":"https:\/\/munisanfelipe.gob.gt\/index.php\/wp-json\/wp\/v2\/pages\/255\/revisions\/257"}],"wp:attachment":[{"href":"https:\/\/munisanfelipe.gob.gt\/index.php\/wp-json\/wp\/v2\/media?parent=255"}],"curies":[{"name":"wp","href":"https:\/\/api.w.org\/{rel}","templated":true}]}}