{"id":283,"date":"2022-05-10T17:04:20","date_gmt":"2022-05-10T17:04:20","guid":{"rendered":"https:\/\/munisanfelipe.gob.gt\/?page_id=283"},"modified":"2022-05-10T17:04:21","modified_gmt":"2022-05-10T17:04:21","slug":"listado-de-obras","status":"publish","type":"page","link":"https:\/\/munisanfelipe.gob.gt\/index.php\/listado-de-obras\/","title":{"rendered":"LISTADO DE OBRAS"},"content":{"rendered":"\n<h2 class=\"wp-block-heading\">LISTADO DE OBRAS<\/h2>\n\n\n\n<p>El listado de las obras en ejecuci\u00f3n o ejecutadas total o parcialmente con fondos p\u00fablicos, o con recursos provenientes de pr\u00e9stamos otorgados a cualquiera de las entidades del Estado, indicando la ubicaci\u00f3n exacta, el costo total de la obra, la fuente de financiamiento, el tiempo de ejecuci\u00f3n, beneficiarios, empresa o entidad ejecutora, nombre del funcionario responsable de la obra, contenido y especificaciones del contrato correspondiente.<\/p>\n\n\n\n<h1 class=\"wp-block-heading\">2022<\/h1>\n","protected":false},"excerpt":{"rendered":"<p>LISTADO DE OBRAS El listado de las obras en ejecuci\u00f3n o ejecutadas total o parcialmente con fondos p\u00fablicos, o con recursos provenientes de pr\u00e9stamos otorgados &hellip;<\/p>\n","protected":false},"author":1,"featured_media":0,"parent":0,"menu_order":0,"comment_status":"closed","ping_status":"closed","template":"","meta":{"footnotes":""},"class_list":["post-283","page","type-page","status-publish","hentry"],"_links":{"self":[{"href":"https:\/\/munisanfelipe.gob.gt\/index.php\/wp-json\/wp\/v2\/pages\/283","targetHints":{"allow":["GET"]}}],"collection":[{"href":"https:\/\/munisanfelipe.gob.gt\/index.php\/wp-json\/wp\/v2\/pages"}],"about":[{"href":"https:\/\/munisanfelipe.gob.gt\/index.php\/wp-json\/wp\/v2\/types\/page"}],"author":[{"embeddable":true,"href":"https:\/\/munisanfelipe.gob.gt\/index.php\/wp-json\/wp\/v2\/users\/1"}],"replies":[{"embeddable":true,"href":"https:\/\/munisanfelipe.gob.gt\/index.php\/wp-json\/wp\/v2\/comments?post=283"}],"version-history":[{"count":1,"href":"https:\/\/munisanfelipe.gob.gt\/index.php\/wp-json\/wp\/v2\/pages\/283\/revisions"}],"predecessor-version":[{"id":285,"href":"https:\/\/munisanfelipe.gob.gt\/index.php\/wp-json\/wp\/v2\/pages\/283\/revisions\/285"}],"wp:attachment":[{"href":"https:\/\/munisanfelipe.gob.gt\/index.php\/wp-json\/wp\/v2\/media?parent=283"}],"curies":[{"name":"wp","href":"https:\/\/api.w.org\/{rel}","templated":true}]}}