{"id":301,"date":"2022-05-10T17:28:03","date_gmt":"2022-05-10T17:28:03","guid":{"rendered":"https:\/\/munisanfelipe.gob.gt\/?page_id=301"},"modified":"2022-05-10T17:28:04","modified_gmt":"2022-05-10T17:28:04","slug":"entidades-internacionales","status":"publish","type":"page","link":"https:\/\/munisanfelipe.gob.gt\/index.php\/entidades-internacionales\/","title":{"rendered":"ENTIDADES INTERNACIONALES"},"content":{"rendered":"\n<h2 class=\"wp-block-heading\">ENTIDADES INTERNACIONALES<\/h2>\n\n\n\n<p>En caso de las entidades p\u00fablicas o privadas de car\u00e1cter internacional, que manejen o administren fondos p\u00fablicos deber\u00e1n hacer p\u00fablica la informaci\u00f3n obligatoria contenida en los numerales anteriores, relacionada \u00fanicamente a las compras y contrataciones que realicen con dichos fondos.<\/p>\n\n\n\n<h1 class=\"wp-block-heading\">2022<\/h1>\n","protected":false},"excerpt":{"rendered":"<p>ENTIDADES INTERNACIONALES En caso de las entidades p\u00fablicas o privadas de car\u00e1cter internacional, que manejen o administren fondos p\u00fablicos deber\u00e1n hacer p\u00fablica la informaci\u00f3n obligatoria &hellip;<\/p>\n","protected":false},"author":1,"featured_media":0,"parent":0,"menu_order":0,"comment_status":"closed","ping_status":"closed","template":"","meta":{"footnotes":""},"class_list":["post-301","page","type-page","status-publish","hentry"],"_links":{"self":[{"href":"https:\/\/munisanfelipe.gob.gt\/index.php\/wp-json\/wp\/v2\/pages\/301","targetHints":{"allow":["GET"]}}],"collection":[{"href":"https:\/\/munisanfelipe.gob.gt\/index.php\/wp-json\/wp\/v2\/pages"}],"about":[{"href":"https:\/\/munisanfelipe.gob.gt\/index.php\/wp-json\/wp\/v2\/types\/page"}],"author":[{"embeddable":true,"href":"https:\/\/munisanfelipe.gob.gt\/index.php\/wp-json\/wp\/v2\/users\/1"}],"replies":[{"embeddable":true,"href":"https:\/\/munisanfelipe.gob.gt\/index.php\/wp-json\/wp\/v2\/comments?post=301"}],"version-history":[{"count":1,"href":"https:\/\/munisanfelipe.gob.gt\/index.php\/wp-json\/wp\/v2\/pages\/301\/revisions"}],"predecessor-version":[{"id":303,"href":"https:\/\/munisanfelipe.gob.gt\/index.php\/wp-json\/wp\/v2\/pages\/301\/revisions\/303"}],"wp:attachment":[{"href":"https:\/\/munisanfelipe.gob.gt\/index.php\/wp-json\/wp\/v2\/media?parent=301"}],"curies":[{"name":"wp","href":"https:\/\/api.w.org\/{rel}","templated":true}]}}