{"id":307,"date":"2022-05-10T17:31:25","date_gmt":"2022-05-10T17:31:25","guid":{"rendered":"https:\/\/munisanfelipe.gob.gt\/?page_id=307"},"modified":"2022-05-10T17:31:26","modified_gmt":"2022-05-10T17:31:26","slug":"archivo","status":"publish","type":"page","link":"https:\/\/munisanfelipe.gob.gt\/index.php\/archivo\/","title":{"rendered":"ARCHIVO"},"content":{"rendered":"\n<h2 class=\"wp-block-heading\">ARCHIVO<\/h2>\n\n\n\n<p>Los responsables de los archivos de cada uno de los sujetos obligados deber\u00e1n publicar, por lo menos una vez al a\u00f1o, y a trav\u00e9s del Diario de Centro Am\u00e9rica, un informe sobre: el funcionamiento y finalidad del archivo, sus sistemas de registro y categor\u00edas de informaci\u00f3n, los procedimientos y facilidades de acceso al archivo.<\/p>\n\n\n\n<h1 class=\"wp-block-heading\">2022<\/h1>\n","protected":false},"excerpt":{"rendered":"<p>ARCHIVO Los responsables de los archivos de cada uno de los sujetos obligados deber\u00e1n publicar, por lo menos una vez al a\u00f1o, y a trav\u00e9s &hellip;<\/p>\n","protected":false},"author":1,"featured_media":0,"parent":0,"menu_order":0,"comment_status":"closed","ping_status":"closed","template":"","meta":{"footnotes":""},"class_list":["post-307","page","type-page","status-publish","hentry"],"_links":{"self":[{"href":"https:\/\/munisanfelipe.gob.gt\/index.php\/wp-json\/wp\/v2\/pages\/307","targetHints":{"allow":["GET"]}}],"collection":[{"href":"https:\/\/munisanfelipe.gob.gt\/index.php\/wp-json\/wp\/v2\/pages"}],"about":[{"href":"https:\/\/munisanfelipe.gob.gt\/index.php\/wp-json\/wp\/v2\/types\/page"}],"author":[{"embeddable":true,"href":"https:\/\/munisanfelipe.gob.gt\/index.php\/wp-json\/wp\/v2\/users\/1"}],"replies":[{"embeddable":true,"href":"https:\/\/munisanfelipe.gob.gt\/index.php\/wp-json\/wp\/v2\/comments?post=307"}],"version-history":[{"count":1,"href":"https:\/\/munisanfelipe.gob.gt\/index.php\/wp-json\/wp\/v2\/pages\/307\/revisions"}],"predecessor-version":[{"id":309,"href":"https:\/\/munisanfelipe.gob.gt\/index.php\/wp-json\/wp\/v2\/pages\/307\/revisions\/309"}],"wp:attachment":[{"href":"https:\/\/munisanfelipe.gob.gt\/index.php\/wp-json\/wp\/v2\/media?parent=307"}],"curies":[{"name":"wp","href":"https:\/\/api.w.org\/{rel}","templated":true}]}}