{"id":310,"date":"2022-05-10T17:32:13","date_gmt":"2022-05-10T17:32:13","guid":{"rendered":"https:\/\/munisanfelipe.gob.gt\/?page_id=310"},"modified":"2022-05-10T17:32:13","modified_gmt":"2022-05-10T17:32:13","slug":"informacion-clasificada","status":"publish","type":"page","link":"https:\/\/munisanfelipe.gob.gt\/index.php\/informacion-clasificada\/","title":{"rendered":"INFORMACI\u00d3N CLASIFICADA"},"content":{"rendered":"\n<h2 class=\"wp-block-heading\">INFORMACI\u00d3N CLASIFICADA<\/h2>\n\n\n\n<p>El \u00edndice de la informaci\u00f3n debidamente clasificada de acuerdo a esta ley.<\/p>\n\n\n\n<h1 class=\"wp-block-heading\">2022<\/h1>\n","protected":false},"excerpt":{"rendered":"<p>INFORMACI\u00d3N CLASIFICADA El \u00edndice de la informaci\u00f3n debidamente clasificada de acuerdo a esta ley. 2022<\/p>\n","protected":false},"author":1,"featured_media":0,"parent":0,"menu_order":0,"comment_status":"closed","ping_status":"closed","template":"","meta":{"footnotes":""},"class_list":["post-310","page","type-page","status-publish","hentry"],"_links":{"self":[{"href":"https:\/\/munisanfelipe.gob.gt\/index.php\/wp-json\/wp\/v2\/pages\/310","targetHints":{"allow":["GET"]}}],"collection":[{"href":"https:\/\/munisanfelipe.gob.gt\/index.php\/wp-json\/wp\/v2\/pages"}],"about":[{"href":"https:\/\/munisanfelipe.gob.gt\/index.php\/wp-json\/wp\/v2\/types\/page"}],"author":[{"embeddable":true,"href":"https:\/\/munisanfelipe.gob.gt\/index.php\/wp-json\/wp\/v2\/users\/1"}],"replies":[{"embeddable":true,"href":"https:\/\/munisanfelipe.gob.gt\/index.php\/wp-json\/wp\/v2\/comments?post=310"}],"version-history":[{"count":1,"href":"https:\/\/munisanfelipe.gob.gt\/index.php\/wp-json\/wp\/v2\/pages\/310\/revisions"}],"predecessor-version":[{"id":312,"href":"https:\/\/munisanfelipe.gob.gt\/index.php\/wp-json\/wp\/v2\/pages\/310\/revisions\/312"}],"wp:attachment":[{"href":"https:\/\/munisanfelipe.gob.gt\/index.php\/wp-json\/wp\/v2\/media?parent=310"}],"curies":[{"name":"wp","href":"https:\/\/api.w.org\/{rel}","templated":true}]}}