{"id":320,"date":"2022-05-10T17:40:53","date_gmt":"2022-05-10T17:40:53","guid":{"rendered":"https:\/\/munisanfelipe.gob.gt\/?page_id=320"},"modified":"2022-05-10T17:40:54","modified_gmt":"2022-05-10T17:40:54","slug":"asesorias-contratadas","status":"publish","type":"page","link":"https:\/\/munisanfelipe.gob.gt\/index.php\/asesorias-contratadas\/","title":{"rendered":"ASESOR\u00cdAS CONTRATADAS"},"content":{"rendered":"\n<h2 class=\"wp-block-heading\">ASESOR\u00cdAS CONTRATADAS<\/h2>\n\n\n\n<p>Programaci\u00f3n y reprogramaciones de asesor\u00edas contratadas, detallando nombres, montos y el origen de los recursos para el pago, incluyendo los que provienen de la cooperaci\u00f3n reembolsable y no reembolsable.<\/p>\n\n\n\n<h1 class=\"wp-block-heading\">2022<\/h1>\n","protected":false},"excerpt":{"rendered":"<p>ASESOR\u00cdAS CONTRATADAS Programaci\u00f3n y reprogramaciones de asesor\u00edas contratadas, detallando nombres, montos y el origen de los recursos para el pago, incluyendo los que provienen de &hellip;<\/p>\n","protected":false},"author":1,"featured_media":0,"parent":0,"menu_order":0,"comment_status":"closed","ping_status":"closed","template":"","meta":{"footnotes":""},"class_list":["post-320","page","type-page","status-publish","hentry"],"_links":{"self":[{"href":"https:\/\/munisanfelipe.gob.gt\/index.php\/wp-json\/wp\/v2\/pages\/320","targetHints":{"allow":["GET"]}}],"collection":[{"href":"https:\/\/munisanfelipe.gob.gt\/index.php\/wp-json\/wp\/v2\/pages"}],"about":[{"href":"https:\/\/munisanfelipe.gob.gt\/index.php\/wp-json\/wp\/v2\/types\/page"}],"author":[{"embeddable":true,"href":"https:\/\/munisanfelipe.gob.gt\/index.php\/wp-json\/wp\/v2\/users\/1"}],"replies":[{"embeddable":true,"href":"https:\/\/munisanfelipe.gob.gt\/index.php\/wp-json\/wp\/v2\/comments?post=320"}],"version-history":[{"count":1,"href":"https:\/\/munisanfelipe.gob.gt\/index.php\/wp-json\/wp\/v2\/pages\/320\/revisions"}],"predecessor-version":[{"id":322,"href":"https:\/\/munisanfelipe.gob.gt\/index.php\/wp-json\/wp\/v2\/pages\/320\/revisions\/322"}],"wp:attachment":[{"href":"https:\/\/munisanfelipe.gob.gt\/index.php\/wp-json\/wp\/v2\/media?parent=320"}],"curies":[{"name":"wp","href":"https:\/\/api.w.org\/{rel}","templated":true}]}}