{"id":335,"date":"2022-05-10T17:46:36","date_gmt":"2022-05-10T17:46:36","guid":{"rendered":"https:\/\/munisanfelipe.gob.gt\/?page_id=335"},"modified":"2022-05-10T17:46:37","modified_gmt":"2022-05-10T17:46:37","slug":"aportes-al-sector-privado","status":"publish","type":"page","link":"https:\/\/munisanfelipe.gob.gt\/index.php\/aportes-al-sector-privado\/","title":{"rendered":"APORTES AL SECTOR PRIVADO"},"content":{"rendered":"\n<h2 class=\"wp-block-heading\">APORTES AL SECTOR PRIVADO<\/h2>\n\n\n\n<p>Programaci\u00f3n y reprogramaci\u00f3n de aportes al sector privado y al sector externo, as\u00ed como los respectivos informes de avance f\u00edsico y financiero.<\/p>\n\n\n\n<h1 class=\"wp-block-heading\">2022<\/h1>\n","protected":false},"excerpt":{"rendered":"<p>APORTES AL SECTOR PRIVADO Programaci\u00f3n y reprogramaci\u00f3n de aportes al sector privado y al sector externo, as\u00ed como los respectivos informes de avance f\u00edsico y &hellip;<\/p>\n","protected":false},"author":1,"featured_media":0,"parent":0,"menu_order":0,"comment_status":"closed","ping_status":"closed","template":"","meta":{"footnotes":""},"class_list":["post-335","page","type-page","status-publish","hentry"],"_links":{"self":[{"href":"https:\/\/munisanfelipe.gob.gt\/index.php\/wp-json\/wp\/v2\/pages\/335","targetHints":{"allow":["GET"]}}],"collection":[{"href":"https:\/\/munisanfelipe.gob.gt\/index.php\/wp-json\/wp\/v2\/pages"}],"about":[{"href":"https:\/\/munisanfelipe.gob.gt\/index.php\/wp-json\/wp\/v2\/types\/page"}],"author":[{"embeddable":true,"href":"https:\/\/munisanfelipe.gob.gt\/index.php\/wp-json\/wp\/v2\/users\/1"}],"replies":[{"embeddable":true,"href":"https:\/\/munisanfelipe.gob.gt\/index.php\/wp-json\/wp\/v2\/comments?post=335"}],"version-history":[{"count":1,"href":"https:\/\/munisanfelipe.gob.gt\/index.php\/wp-json\/wp\/v2\/pages\/335\/revisions"}],"predecessor-version":[{"id":337,"href":"https:\/\/munisanfelipe.gob.gt\/index.php\/wp-json\/wp\/v2\/pages\/335\/revisions\/337"}],"wp:attachment":[{"href":"https:\/\/munisanfelipe.gob.gt\/index.php\/wp-json\/wp\/v2\/media?parent=335"}],"curies":[{"name":"wp","href":"https:\/\/api.w.org\/{rel}","templated":true}]}}