{"id":47,"date":"2022-01-17T16:12:06","date_gmt":"2022-01-17T16:12:06","guid":{"rendered":"https:\/\/munisanfelipe.gob.gt\/?page_id=47"},"modified":"2022-05-09T21:47:26","modified_gmt":"2022-05-09T21:47:26","slug":"informacion-publica","status":"publish","type":"page","link":"https:\/\/munisanfelipe.gob.gt\/index.php\/informacion-publica\/","title":{"rendered":"Informaci\u00f3n P\u00fablica"},"content":{"rendered":"\n<h2 class=\"wp-block-heading\">Informaci\u00f3n P\u00fablica<\/h2>\n\n\n\n<p>En cumplimiento a la Ley de Acceso a la Informaci\u00f3n P\u00fablica (Decreto 57-2008), la Municipalidad de San Felipe, departamento de Retalhuleu, pone a tu disposici\u00f3n este medio para facilitar el acceso a la informaci\u00f3n p\u00fablica de oficio, con el fin de garantizar la transparencia en el manejo y ejecuci\u00f3n de los recursos y actos de la administraci\u00f3n p\u00fablica.<\/p>\n\n\n\n<p>Si la informaci\u00f3n que necesitas no se encuentra publicada en esta secci\u00f3n, puedes solicitarla utilizando el correo electr\u00f3nico, el tel\u00e9fono oficial de la Municipalidad De San Felipe, Retalhuleu o present\u00e1ndote personalmente a la Unidad de Informaci\u00f3n P\u00fablica ubicada en la Municipalidad, en donde se te proporcionar\u00e1 el formulario de solicitud correspondiente.<\/p>\n\n\n\n<p>Estamos a tu servicio!<\/p>\n\n\n\n<p>Unidad de Informaci\u00f3n P\u00fablica Municipal.<\/p>\n\n\n\n<p><\/p>\n\n\n\n<h2 class=\"wp-block-heading\">Click en el bot\u00f3n:<\/h2>\n\n\n\n<div class=\"wp-block-buttons is-layout-flex wp-block-buttons-is-layout-flex\">\n<div class=\"wp-block-button\"><a class=\"wp-block-button__link\" href=\"https:\/\/www.munisanfelipe.laip.gt\/\" target=\"_blank\" rel=\"noreferrer noopener\">Informaci\u00f3n p\u00fablica<\/a><\/div>\n<\/div>\n\n\n\n<p><\/p>\n","protected":false},"excerpt":{"rendered":"<p>Informaci\u00f3n P\u00fablica En cumplimiento a la Ley de Acceso a la Informaci\u00f3n P\u00fablica (Decreto 57-2008), la Municipalidad de San Felipe, departamento de Retalhuleu, pone a &hellip;<\/p>\n","protected":false},"author":1,"featured_media":0,"parent":0,"menu_order":0,"comment_status":"closed","ping_status":"closed","template":"","meta":{"footnotes":""},"class_list":["post-47","page","type-page","status-publish","hentry"],"_links":{"self":[{"href":"https:\/\/munisanfelipe.gob.gt\/index.php\/wp-json\/wp\/v2\/pages\/47","targetHints":{"allow":["GET"]}}],"collection":[{"href":"https:\/\/munisanfelipe.gob.gt\/index.php\/wp-json\/wp\/v2\/pages"}],"about":[{"href":"https:\/\/munisanfelipe.gob.gt\/index.php\/wp-json\/wp\/v2\/types\/page"}],"author":[{"embeddable":true,"href":"https:\/\/munisanfelipe.gob.gt\/index.php\/wp-json\/wp\/v2\/users\/1"}],"replies":[{"embeddable":true,"href":"https:\/\/munisanfelipe.gob.gt\/index.php\/wp-json\/wp\/v2\/comments?post=47"}],"version-history":[{"count":12,"href":"https:\/\/munisanfelipe.gob.gt\/index.php\/wp-json\/wp\/v2\/pages\/47\/revisions"}],"predecessor-version":[{"id":110,"href":"https:\/\/munisanfelipe.gob.gt\/index.php\/wp-json\/wp\/v2\/pages\/47\/revisions\/110"}],"wp:attachment":[{"href":"https:\/\/munisanfelipe.gob.gt\/index.php\/wp-json\/wp\/v2\/media?parent=47"}],"curies":[{"name":"wp","href":"https:\/\/api.w.org\/{rel}","templated":true}]}}