{"id":54,"date":"2022-01-17T16:49:47","date_gmt":"2022-01-17T16:49:47","guid":{"rendered":"https:\/\/munisanfelipe.gob.gt\/?page_id=54"},"modified":"2024-01-23T15:14:17","modified_gmt":"2024-01-23T15:14:17","slug":"consejo-municipal","status":"publish","type":"page","link":"https:\/\/munisanfelipe.gob.gt\/index.php\/consejo-municipal\/","title":{"rendered":"Concejo Municipal"},"content":{"rendered":"\n<h2 class=\"wp-block-heading\" id=\"que-es-el-concejo-municipal\">\u00bfQue es el Concejo Municipal?<\/h2>\n\n\n\n<figure class=\"wp-block-image size-large is-resized\"><img loading=\"lazy\" decoding=\"async\" width=\"1024\" height=\"881\" src=\"https:\/\/munisanfelipe.gob.gt\/wp-content\/uploads\/2021\/12\/cropped-munilogo-1024x881.jpg\" alt=\"\" class=\"wp-image-25\" style=\"width:189px;height:162px\" srcset=\"https:\/\/munisanfelipe.gob.gt\/wp-content\/uploads\/2021\/12\/cropped-munilogo-1024x881.jpg 1024w, https:\/\/munisanfelipe.gob.gt\/wp-content\/uploads\/2021\/12\/cropped-munilogo-300x258.jpg 300w, https:\/\/munisanfelipe.gob.gt\/wp-content\/uploads\/2021\/12\/cropped-munilogo-768x661.jpg 768w, https:\/\/munisanfelipe.gob.gt\/wp-content\/uploads\/2021\/12\/cropped-munilogo-349x300.jpg 349w, https:\/\/munisanfelipe.gob.gt\/wp-content\/uploads\/2021\/12\/cropped-munilogo.jpg 1349w\" sizes=\"auto, (max-width: 1024px) 100vw, 1024px\" \/><figcaption class=\"wp-element-caption\"> El Concejo es la m\u00e1xima autoridad, es el responsable de ejercer la autonom\u00eda del municipio y tiene su sede en la cabecera municipal.  Los miembros que conforman el Concejo Municipal son el Alcalde, Concejales y S\u00edndicos, qui\u00e9nes son popularmente electos, as\u00ed como solidaria y mancomunadamente responsables por la toma de decisiones sobre asuntos municipal.  <\/figcaption><\/figure>\n\n\n\n<p><\/p>\n\n\n\n<h2 class=\"wp-block-heading\" id=\"funciones-del-concejo\">Funciones del concejo:<\/h2>\n\n\n\n<p><p> Corresponde con exclusividad al Concejo Municipal el ejercicio del gobierno del municipio, velar por la integridad de su patrimonio, garantizar sus intereses con base en los valores, cultura, y necesidades planteadas por los vecinos, conforme a la disponibilidad de recursos. (Art. 33 Gobierno del Municipio, C\u00f3digo Municipal). <a href=\"https:\/\/munisanfelipe.gob.gt\/index.php\/funciones-del-concejo\/\">Leer mas &#8230;<\/a><\/p><\/p>\n\n\n\n<div class=\"wp-block-group\"><div class=\"wp-block-group__inner-container is-layout-flow wp-block-group-is-layout-flow\">\n<h2 class=\"wp-block-heading\" id=\"miembros-del-concejo-municipal\">Miembros del concejo Municipal (2024 &#8211; 2028)<\/h2>\n<\/div><\/div>\n\n\n\n<p><strong>ALCALDE:<\/strong> William Ingleberto Valiente Villatoro.<\/p>\n\n\n\n<p><strong>SINDICO I: <\/strong>Patricia Betzab\u00e9 Garc\u00eda Valiente.<\/p>\n\n\n\n<p><strong>SINDICO II:<\/strong> Dany Guillermo Simal\u00e1 Garc\u00eda.<\/p>\n\n\n\n<p><strong>CONCEJAL I:<\/strong> Carlota Mari\u00f3n Barillas Reyes.<\/p>\n\n\n\n<p><strong>CONCEJAL II:<\/strong> Silvia de la Cruz P\u00e9rez.<\/p>\n\n\n\n<p><strong>CONCEJAL III:<\/strong> Velvet Rossana Paz P\u00e9rez.<\/p>\n\n\n\n<p><strong>CONCEJAL IV:<\/strong> Olga Barrios Barrios.<\/p>\n\n\n\n<p><strong>CONCEJAL V:<\/strong> Orfidia Elizabeth Esteban Garc\u00eda.<\/p>\n","protected":false},"excerpt":{"rendered":"<p>\u00bfQue es el Concejo Municipal? Funciones del concejo: Corresponde con exclusividad al Concejo Municipal el ejercicio del gobierno del municipio, velar por la integridad de &hellip;<\/p>\n","protected":false},"author":1,"featured_media":0,"parent":0,"menu_order":0,"comment_status":"closed","ping_status":"closed","template":"","meta":{"footnotes":""},"class_list":["post-54","page","type-page","status-publish","hentry"],"_links":{"self":[{"href":"https:\/\/munisanfelipe.gob.gt\/index.php\/wp-json\/wp\/v2\/pages\/54","targetHints":{"allow":["GET"]}}],"collection":[{"href":"https:\/\/munisanfelipe.gob.gt\/index.php\/wp-json\/wp\/v2\/pages"}],"about":[{"href":"https:\/\/munisanfelipe.gob.gt\/index.php\/wp-json\/wp\/v2\/types\/page"}],"author":[{"embeddable":true,"href":"https:\/\/munisanfelipe.gob.gt\/index.php\/wp-json\/wp\/v2\/users\/1"}],"replies":[{"embeddable":true,"href":"https:\/\/munisanfelipe.gob.gt\/index.php\/wp-json\/wp\/v2\/comments?post=54"}],"version-history":[{"count":11,"href":"https:\/\/munisanfelipe.gob.gt\/index.php\/wp-json\/wp\/v2\/pages\/54\/revisions"}],"predecessor-version":[{"id":379,"href":"https:\/\/munisanfelipe.gob.gt\/index.php\/wp-json\/wp\/v2\/pages\/54\/revisions\/379"}],"wp:attachment":[{"href":"https:\/\/munisanfelipe.gob.gt\/index.php\/wp-json\/wp\/v2\/media?parent=54"}],"curies":[{"name":"wp","href":"https:\/\/api.w.org\/{rel}","templated":true}]}}