{"id":56,"date":"2022-01-17T16:50:31","date_gmt":"2022-01-17T16:50:31","guid":{"rendered":"https:\/\/munisanfelipe.gob.gt\/?page_id=56"},"modified":"2025-11-04T17:52:20","modified_gmt":"2025-11-04T17:52:20","slug":"boleto-de-hornato","status":"publish","type":"page","link":"https:\/\/munisanfelipe.gob.gt\/index.php\/boleto-de-hornato\/","title":{"rendered":"Boleto de Ornato"},"content":{"rendered":"\n<h2 class=\"wp-block-heading\" id=\"boleto-de-ornato\">Boleto de Ornato<\/h2>\n\n\n\n<p>Es un arbitrio que todos los vecinos debemos pagar anualmente, con la finalidad de contribuir al ornato de nuestra ciudad y\/o pueblo. La cancelaci\u00f3n del mismo debe efectuarse durante enero y febrero, salvo que los concejos municipales concedan pr\u00f3rrogas, y \u00e9stas no pueden excederse m\u00e1s all\u00e1 del \u00faltimo d\u00eda de marzo.<\/p>\n\n\n\n<h2 class=\"wp-block-heading\" id=\"cuanto-debo-pagar\">\u00bfCu\u00e1nto debo pagar?<\/h2>\n\n\n\n<p>De acuerdo con lo indicado en el Decreto 121-96, el pago de la tasa del arbitrio municipal debe efectuarse seg\u00fan los ingresos mensuales del contribuyente, <strong>que incorpora salario base, m\u00e1s bonificaciones de cualquier \u00edndole, comisiones y cualquier otro ingreso comprobable.<\/strong><\/p>\n\n\n\n<div class=\"wp-block-columns is-layout-flex wp-container-core-columns-is-layout-9d6595d7 wp-block-columns-is-layout-flex\">\n<div class=\"wp-block-column is-layout-flow wp-block-column-is-layout-flow\" style=\"flex-basis:100%\">\n<div class=\"wp-block-columns is-layout-flex wp-container-core-columns-is-layout-9d6595d7 wp-block-columns-is-layout-flex\">\n<div class=\"wp-block-column is-layout-flow wp-block-column-is-layout-flow\" style=\"flex-basis:100%\">\n<div class=\"wp-block-group\"><div class=\"wp-block-group__inner-container is-layout-flow wp-block-group-is-layout-flow\">\n<figure class=\"wp-block-table alignfull is-style-regular\"><table class=\"has-sitebg-color has-accent-2-background-color has-text-color has-background has-link-color\"><tbody><tr><td><strong>Ingreso mensual<\/strong><\/td><td><strong>Arbitrio<\/strong><\/td><td><strong>Con multa<\/strong><\/td><\/tr><tr><td>Primer DPI<\/td><td>Q4.00<\/td><td>Q8.00<\/td><\/tr><tr><td>De Q500.01 a Q1,000.00<\/td><td>Q10.00<\/td><td>Q20.00<\/td><\/tr><tr><td>De Q1,000.01 a Q3,000.00<\/td><td>Q15.00<\/td><td>Q30.00<\/td><\/tr><tr><td>De Q3,000.01 a Q6,000.00<\/td><td>Q50.00<\/td><td>Q100.00<\/td><\/tr><tr><td>De Q6,000.01 a Q9,000.00<\/td><td>Q75.00<\/td><td>Q150.00<\/td><\/tr><tr><td>De Q9,000.01 a Q12,000.00<\/td><td>Q100.00<\/td><td>Q200.00<\/td><\/tr><tr><td>De Q12,000.01 en adelante<\/td><td>Q150.00<\/td><td>Q300.00<\/td><\/tr><\/tbody><\/table><figcaption class=\"wp-element-caption\">Tabla de precios, segun el ingreso mensual<\/figcaption><\/figure>\n\n\n\n<p><\/p>\n<\/div><\/div>\n<\/div>\n<\/div>\n<\/div>\n<\/div>\n\n\n\n<p><\/p>\n","protected":false},"excerpt":{"rendered":"<p>Boleto de Ornato Es un arbitrio que todos los vecinos debemos pagar anualmente, con la finalidad de contribuir al ornato de nuestra ciudad y\/o pueblo. &hellip;<\/p>\n","protected":false},"author":1,"featured_media":0,"parent":0,"menu_order":0,"comment_status":"closed","ping_status":"closed","template":"","meta":{"footnotes":""},"class_list":["post-56","page","type-page","status-publish","hentry"],"_links":{"self":[{"href":"https:\/\/munisanfelipe.gob.gt\/index.php\/wp-json\/wp\/v2\/pages\/56","targetHints":{"allow":["GET"]}}],"collection":[{"href":"https:\/\/munisanfelipe.gob.gt\/index.php\/wp-json\/wp\/v2\/pages"}],"about":[{"href":"https:\/\/munisanfelipe.gob.gt\/index.php\/wp-json\/wp\/v2\/types\/page"}],"author":[{"embeddable":true,"href":"https:\/\/munisanfelipe.gob.gt\/index.php\/wp-json\/wp\/v2\/users\/1"}],"replies":[{"embeddable":true,"href":"https:\/\/munisanfelipe.gob.gt\/index.php\/wp-json\/wp\/v2\/comments?post=56"}],"version-history":[{"count":12,"href":"https:\/\/munisanfelipe.gob.gt\/index.php\/wp-json\/wp\/v2\/pages\/56\/revisions"}],"predecessor-version":[{"id":415,"href":"https:\/\/munisanfelipe.gob.gt\/index.php\/wp-json\/wp\/v2\/pages\/56\/revisions\/415"}],"wp:attachment":[{"href":"https:\/\/munisanfelipe.gob.gt\/index.php\/wp-json\/wp\/v2\/media?parent=56"}],"curies":[{"name":"wp","href":"https:\/\/api.w.org\/{rel}","templated":true}]}}