{"id":6,"date":"2021-12-08T17:49:02","date_gmt":"2021-12-08T17:49:02","guid":{"rendered":"https:\/\/munisanfelipe.gob.gt\/?page_id=6"},"modified":"2025-11-04T17:49:39","modified_gmt":"2025-11-04T17:49:39","slug":"contacto","status":"publish","type":"page","link":"https:\/\/munisanfelipe.gob.gt\/index.php\/contacto\/","title":{"rendered":"Contacto"},"content":{"rendered":"\n<p class=\"has-sitebg-color has-vivid-cyan-blue-to-vivid-purple-gradient-background has-text-color has-background has-link-color has-large-font-size wp-elements-a9b00b956463f389fd4e96d70ba3478c\"><strong>Municipalidad de San Felipe, Retalhuleu.<\/strong><br><strong>Direcci\u00f3n:<\/strong> 3A Avenida 2-44 Z.1 San Felipe &#8211; Retalhuleu &#8211; Guatemala<br><strong>Tel\u00e9fono:<\/strong> 7775-9187<br><strong>Correo:<\/strong> alcaldia@munisanfelipe.gob.gt<\/p>\n\n\n\n<p class=\"has-sitebg-color has-light-green-cyan-to-vivid-green-cyan-gradient-background has-text-color has-background has-link-color has-large-font-size wp-elements-9ba3d567453112ba1959b0f3d337b186\"><strong>Unidad de Acceso a la Informaci\u00f3n Publica<\/strong><br><strong>Tel\u00e9fono:<\/strong> 5420-0304<br><strong>Correo:<\/strong> udaip@munisanfelipe.gob.gt<\/p>\n\n\n\n<p class=\"has-sitebg-color has-luminous-vivid-amber-to-luminous-vivid-orange-gradient-background has-text-color has-background has-link-color has-large-font-size wp-elements-e9f9b76aed589eb872fc13116ef43a57\"><strong>Polic\u00eda Municipal de Transito<\/strong><br><strong>Tel\u00e9fono:<\/strong> 5944-6473<br><strong>Correo:<\/strong> pmt@munisanfelipe.gob.gt<\/p>\n\n\n\n<ul class=\"wp-block-list\"><\/ul>\n\n\n\n<p class=\"has-accent-2-color has-pale-ocean-gradient-background has-text-color has-background has-link-color has-large-font-size wp-elements-9e02a346e16e1d43b290f190fdd176aa\"><strong>Polic\u00eda Municipal<\/strong><br><strong>Tel\u00e9fono:<\/strong> 4337-2536<br><strong>Correo:<\/strong> pm@munisanfelipe.gob.gt<\/p>\n\n\n\n<p><\/p>\n\n\n\n<p><\/p>\n","protected":false},"excerpt":{"rendered":"<p>Municipalidad de San Felipe, Retalhuleu.Direcci\u00f3n: 3A Avenida 2-44 Z.1 San Felipe &#8211; Retalhuleu &#8211; GuatemalaTel\u00e9fono: 7775-9187Correo: alcaldia@munisanfelipe.gob.gt Unidad de Acceso a la Informaci\u00f3n PublicaTel\u00e9fono: 5420-0304Correo: &hellip;<\/p>\n","protected":false},"author":1,"featured_media":0,"parent":0,"menu_order":0,"comment_status":"closed","ping_status":"closed","template":"","meta":{"footnotes":""},"class_list":["post-6","page","type-page","status-publish","hentry"],"_links":{"self":[{"href":"https:\/\/munisanfelipe.gob.gt\/index.php\/wp-json\/wp\/v2\/pages\/6","targetHints":{"allow":["GET"]}}],"collection":[{"href":"https:\/\/munisanfelipe.gob.gt\/index.php\/wp-json\/wp\/v2\/pages"}],"about":[{"href":"https:\/\/munisanfelipe.gob.gt\/index.php\/wp-json\/wp\/v2\/types\/page"}],"author":[{"embeddable":true,"href":"https:\/\/munisanfelipe.gob.gt\/index.php\/wp-json\/wp\/v2\/users\/1"}],"replies":[{"embeddable":true,"href":"https:\/\/munisanfelipe.gob.gt\/index.php\/wp-json\/wp\/v2\/comments?post=6"}],"version-history":[{"count":17,"href":"https:\/\/munisanfelipe.gob.gt\/index.php\/wp-json\/wp\/v2\/pages\/6\/revisions"}],"predecessor-version":[{"id":410,"href":"https:\/\/munisanfelipe.gob.gt\/index.php\/wp-json\/wp\/v2\/pages\/6\/revisions\/410"}],"wp:attachment":[{"href":"https:\/\/munisanfelipe.gob.gt\/index.php\/wp-json\/wp\/v2\/media?parent=6"}],"curies":[{"name":"wp","href":"https:\/\/api.w.org\/{rel}","templated":true}]}}