{"id":64,"date":"2022-01-17T17:17:58","date_gmt":"2022-01-17T17:17:58","guid":{"rendered":"https:\/\/munisanfelipe.gob.gt\/?page_id=64"},"modified":"2022-01-17T17:45:53","modified_gmt":"2022-01-17T17:45:53","slug":"juzagado-de-asuntos-municipales","status":"publish","type":"page","link":"https:\/\/munisanfelipe.gob.gt\/index.php\/juzagado-de-asuntos-municipales\/","title":{"rendered":"Juzagado de Asuntos Municipales"},"content":{"rendered":"\n<h2 class=\"wp-block-heading\">Naturaleza del puesto<\/h2>\n\n\n\n<p>Para la ejecuci\u00f3n de sus ordenanzas, el cumplimiento de sus reglamentos, dem\u00e1s disposiciones y leyes ordinarias, la Municipalidad podr\u00e1 crear, seg\u00fan sus recursos y necesidades, los juzgados de asuntos municipales que estime convenientes y los juzgados de asuntos municipales de tr\u00e1nsito que considere necesarios. En la creaci\u00f3n de juzgados podr\u00e1 asignarse competencia por raz\u00f3n de la materia y territorio, seg\u00fan las necesidades del municipio. <strong>ARTICULO 161 del Codigo Municipal y sus Reformas<\/strong><\/p>\n\n\n\n<h2 class=\"wp-block-heading\">\u00c1mbito de su competencia<\/h2>\n\n\n\n<p>El juez de asuntos municipales es competente para conocer, resolver y ejecutar lo que juz<strong>gue:<\/strong><\/p>\n\n\n\n<p><br><strong>a) <\/strong>De todos aquellos asuntos en que se afecten las buenas costumbres, el ornato y limpieza<br>de las poblaciones, el medio ambiente, la salud, los servicios p\u00fablicos municipales y los<br>servicios p\u00fablicos en general, cuando el conocimiento de tales materias no est\u00e9 atribuido al<br>alcalde, el Concejo Municipal u otra autoridad municipal, o el \u00e1mbito de aplicaci\u00f3n<br>tradicional del derecho consuetudinario, de conformidad con las leyes del pa\u00eds, las<br>ordenanzas, reglamentos y dem\u00e1s disposiciones municipales.<\/p>\n\n\n\n<p><br><strong>b)<\/strong> En caso que las transgresiones administrativas concurran con hechos punibles, el juez de<br>asuntos municipales tendr\u00e1, adem\u00e1s, la obligaci\u00f3n de certificar lo conducente al Ministerio<br>P\u00fablico, si se tratare de delito flagrante, dar parte inmediatamente a las autoridades de la<br>Polic\u00eda Nacional Civil, siendo responsable, de conformidad con la ley, por su omisi\u00f3n. Al<br>proceder en estos casos tomar\u00e1 debidamente en cuenta el derecho consuetudinario<br>correspondiente y, de ser necesario, se har\u00e1 asesorar de un experto en esa materia.<\/p>\n\n\n\n<p><br><strong>c)<\/strong> De las diligencias voluntarias de titulaci\u00f3n supletoria, con el s\u00f3lo objeto de practicar las<br>pruebas que la ley espec\u00edfica asigna al alcalde, remitiendo inmediatamente el expediente al<br>Concejo Municipal para su conocimiento y, en su caso, aprobaci\u00f3n. El juez municipal<br>cuidar\u00e1 que en estas diligencias no se violen arbitrariamente las normas consuetudinarias<br>cuya aplicaci\u00f3n corresponde tomar en cuenta.<\/p>\n\n\n\n<p><strong>d)<\/strong> De todas aquellas diligencias y expedientes administrativos que le traslade el alcalde o el<br>Concejo Municipal, en que debe intervenir la municipalidad por mandato legal o le sea<br>requerido informe, opini\u00f3n o dictamen.<\/p>\n\n\n\n<p><br><strong>e)<\/strong> De los asuntos en los que una obra nueva cause da\u00f1o p\u00fablico, o que se trate de obra<br>peligrosa para los habitantes y el p\u00fablico, procediendo, seg\u00fan la materia, conforme a la ley<br>y normas del derecho consuetudinario correspondiente, debiendo tomar las medidas<br>preventivas que le caso amerite.<\/p>\n\n\n\n<p><br><strong>f) <\/strong> De las infracciones a la ley y reglamentos de tr\u00e1nsito, cuando la municipalidad ejerza la<br>administraci\u00f3n del mismo en su circunscripci\u00f3n territorial y no tenga el municipio, juzgado<br>de asuntos municipales de tr\u00e1nsito.<\/p>\n\n\n\n<p><br><strong>g) <\/strong>De las infracciones de las leyes y reglamentos sanitarios que cometan los que expendan<br>alimentos o ejerzan el comercio en mercados municipales, rastros y ferias municipales, y<br>ventas en la v\u00eda p\u00fablica de su respectiva circunscripci\u00f3n territorial.<br>h) de todos los asuntos que violen las leyes, ordenanzas, reglamentos o disposiciones del<br>gobierno municipal.<\/p>\n\n\n\n<p><\/p>\n\n\n\n<p><strong>En todos los asuntos de los que el juez de asuntos municipales conozca, deber\u00e1 tomar y ejecutar<br>las medidas e imponer las sanciones que procedan, seg\u00fan el caso.<\/strong><\/p>\n","protected":false},"excerpt":{"rendered":"<p>Naturaleza del puesto Para la ejecuci\u00f3n de sus ordenanzas, el cumplimiento de sus reglamentos, dem\u00e1s disposiciones y leyes ordinarias, la Municipalidad podr\u00e1 crear, seg\u00fan sus &hellip;<\/p>\n","protected":false},"author":1,"featured_media":0,"parent":0,"menu_order":0,"comment_status":"closed","ping_status":"closed","template":"","meta":{"footnotes":""},"class_list":["post-64","page","type-page","status-publish","hentry"],"_links":{"self":[{"href":"https:\/\/munisanfelipe.gob.gt\/index.php\/wp-json\/wp\/v2\/pages\/64","targetHints":{"allow":["GET"]}}],"collection":[{"href":"https:\/\/munisanfelipe.gob.gt\/index.php\/wp-json\/wp\/v2\/pages"}],"about":[{"href":"https:\/\/munisanfelipe.gob.gt\/index.php\/wp-json\/wp\/v2\/types\/page"}],"author":[{"embeddable":true,"href":"https:\/\/munisanfelipe.gob.gt\/index.php\/wp-json\/wp\/v2\/users\/1"}],"replies":[{"embeddable":true,"href":"https:\/\/munisanfelipe.gob.gt\/index.php\/wp-json\/wp\/v2\/comments?post=64"}],"version-history":[{"count":9,"href":"https:\/\/munisanfelipe.gob.gt\/index.php\/wp-json\/wp\/v2\/pages\/64\/revisions"}],"predecessor-version":[{"id":87,"href":"https:\/\/munisanfelipe.gob.gt\/index.php\/wp-json\/wp\/v2\/pages\/64\/revisions\/87"}],"wp:attachment":[{"href":"https:\/\/munisanfelipe.gob.gt\/index.php\/wp-json\/wp\/v2\/media?parent=64"}],"curies":[{"name":"wp","href":"https:\/\/api.w.org\/{rel}","templated":true}]}}